{"id":18,"date":"2014-02-05T10:55:22","date_gmt":"2014-02-05T09:55:22","guid":{"rendered":"https:\/\/ews.nu\/?page_id=18"},"modified":"2022-01-29T13:54:08","modified_gmt":"2022-01-29T12:54:08","slug":"hem","status":"publish","type":"page","link":"https:\/\/ews.nu\/?page_id=18","title":{"rendered":"Hem"},"content":{"rendered":"<h1><span style=\"font-size: large;\"><span style=\"font-family: arial black,avant garde;\"><strong>Offert f\u00f6r \u00f6vers\u00e4ttning<img loading=\"lazy\" decoding=\"async\" class=\" wp-image-19 alignright\" style=\"font-size: 16px; font-weight: normal;\" alt=\"letters1\" src=\"https:\/\/ews.nu\/wp-content\/uploads\/2014\/02\/letters11.gif\" width=\"195\" height=\"141\" \/><span style=\"color: #808080;\"><br \/>\n<span style=\"font-family: arial,helvetica,sans-serif;\">Snabbt &amp; Gratis!<\/span><br \/>\n<\/span><\/strong><\/span><b><span style=\"text-decoration: underline;\"><span style=\"background-color: #ffffff; color: #0000ff;\"><a href=\"mailto:ewservice@telia.com\"><span style=\"background-color: #ffffff; color: #0000ff; text-decoration: underline;\">ewservice@telia.com<\/span><\/a><\/span><\/span><br \/>\n<\/b><b>070 525 68 47\u00a0<\/b><\/span><\/h1>\n<h1><span style=\"font-size: large;\"><b> <span style=\"color: #888888; font-family: arial, helvetica, sans-serif;\">Kontorstid 24\/7<\/span><\/b><\/span><\/h1>\n<p><span style=\"color: #000000;\"><strong>\u00a0<span style=\"font-size: large;\">+46 70 525 68 47<\/span><\/strong><\/span><\/p>\n<h1 style=\"text-align: left;\"><span style=\"font-family: arial black,avant garde;\"><span style=\"font-size: large;\"><strong>Best\u00e4llningar<\/strong><\/span><img loading=\"lazy\" decoding=\"async\" class=\"wp-image-298 alignright\" alt=\"Abstract Geometric Background\" src=\"https:\/\/ews.nu\/wp-content\/uploads\/2014\/02\/2371133.jpg\" width=\"101\" height=\"106\" \/><\/span><br \/>\n<span style=\"font-size: large;\"><span style=\"color: #808080;\"><b><i>F\u00f6r best\u00e4llning eller mer information om EWS<br \/>\n\u00f6vers\u00e4ttningsbyr\u00e5\u00a0v\u00e4nligen kontakta<br \/>\n<\/i><\/b><span style=\"text-decoration: underline;\"><span style=\"color: #0000ff;\"><a href=\"mailto:ewservice@telia.com\"><span style=\"color: #0000ff;\"><b>ewservice@telia.com<\/b><\/span><\/a><\/span><\/span><b>\u00a0 \u00a0\u00a0<\/b><\/span><\/span><span style=\"font-size: large;\"><b><span style=\"color: #000000;\">018-388\u00a0234<br \/>\n<\/span><\/b><\/span><span style=\"font-size: large;\"><b><em>\u00a0 \u00a0 \u00a0 \u00a0 \u00a0 \u00a0 \u00a0 \u00a0 \u00a0 \u00a0 \u00a0 Fagervik 519, 741 95\u00a0 KNIVSTA<\/em><\/b><\/span><\/h1>\n<h1 style=\"text-align: center;\"><em>___________<\/em><\/h1>\n<p>&nbsp;<\/p>\n<p><span style=\"font-size: x-large;\"><b><i>M\u00e5nga\u00a0v\u00e4ljer<\/i><\/b><span style=\"color: #888888;\"><b><i> \u00f6vers\u00e4ttningsbyr\u00e5n\u00a0East-West Service\u00a0<\/i><\/b><\/span><b><i><span style=\"color: #888888;\">och<\/span> f\u00e5r den fackkunskap de beh\u00f6ver.<\/i><\/b><\/span><b><i><br \/>\n<\/i><\/b><\/p>\n<ul>\n<li><span style=\"background-color: #cbe2f5; font-size: medium;\"><strong><i>Vi \u00f6vers\u00e4tter till alla spr\u00e5k och i alla \u00e4mnen \u2013 korrekt ock kvickt!\u00a0<\/i><\/strong><\/span><\/li>\n<li><span style=\"background-color: #cbe2f5; font-size: medium;\"><strong><i>Vi samarbetar\u00a0med hundratals \u00f6vers\u00e4ttare \u00f6ver hela v\u00e4rlden\u00a0<\/i><i>och med auktoriserade translatorer<\/i><\/strong><\/span><\/li>\n<li><span style=\"font-size: medium;\"><strong style=\"background-color: #cbe2f5; line-height: 1.5;\"><i>Vi har\u00a0bra priser &amp;\u00a0alltid p\u00e5litliga och korrekta \u00f6vers\u00e4ttningar<\/i><\/strong><\/span><\/li>\n<li><span style=\"font-size: medium;\"><strong style=\"background-color: #cbe2f5; line-height: 1.5;\"><i>Vi g\u00f6r\u00a0allt! Fr\u00e5n\u00a0\u00f6vers\u00e4ttningar\u00a0av sm\u00e5\u00a0dokument till stora \u00f6vers\u00e4ttningsprojekt<\/i><\/strong><\/span><\/li>\n<li><span style=\"font-size: medium;\"><strong style=\"background-color: #cbe2f5; line-height: 1.5;\"><i>V\u00e5ra\u00a0\u00f6vers\u00e4ttare \u00e4r erfarna experter inom de flesta fackomr\u00e5den<\/i><\/strong><\/span><\/li>\n<li><span style=\"font-size: medium;\"><strong style=\"background-color: #cbe2f5; line-height: 1.5;\"><i>Vi har \u00f6versatt\u00a0<span style=\"color: #0000ff;\"><a href=\"https:\/\/ews.nu\/?page_id=214\" target=\"_blank\"><span style=\"color: #0000ff;\">AltaVista<\/span><\/a><\/span>, Evreka och m\u00e5nga andra omfattande program<\/i><\/strong><\/span><\/li>\n<li><span style=\"font-size: medium;\"><strong style=\"background-color: #cbe2f5; line-height: 1.5;\"><\/strong><span style=\"background-color: #cbe2f5;\"><strong><i>Vi vet\u00a0vilka\u00a0<span style=\"color: #0000ff;\"><a href=\"https:\/\/ews.nu\/?page_id=73\" target=\"_blank\"><span style=\"color: #0000ff;\">kulturer och traditioner<\/span><\/a><\/span>\u00a0som \u00e4r aktuella f\u00f6r ditt spr\u00e5k<\/i><\/strong><\/span><\/span><\/li>\n<\/ul>\n<h1 style=\"text-align: center;\"><em><b>___________<\/b><\/em><\/h1>\n<p>&nbsp;<\/p>\n<p><span style=\"font-size: 26px; font-weight: bold; line-height: 1.3846153846;\">300\u00a0\u00a0\u00a0\u00a0\u00a0\u00a0\u00a0<\/span><span style=\"font-weight: bold; font-size: medium;\"><span style=\"color: #808080;\">S\u00e5 m\u00e5nga spr\u00e5k kan vi \u00f6vers\u00e4tta till.<\/span>\u00a0<\/span><\/p>\n<h1>1992<span style=\"font-size: medium;\">\u00a0\u00a0\u00a0\u00a0\u00a0\u00a0 <span style=\"color: #808080;\"><strong><span style=\"line-height: 1.5;\">Grundades East-West Service.<\/span><\/strong><\/span><\/span><\/h1>\n<h1><strong><\/strong>10 000\u00a0<span style=\"line-height: 1.5; font-size: medium; color: #808080;\">S\u00e5 m\u00e5nga ord \u00f6versatte vi inom 10 dagar till 23 spr\u00e5k.<\/span><\/h1>\n<p>&nbsp;<\/p>\n<p>&nbsp;<\/p>\n","protected":false},"excerpt":{"rendered":"<p>Offert f\u00f6r \u00f6vers\u00e4ttning Snabbt &amp; Gratis! ewservice@telia.com 070 525 68 47\u00a0 Kontorstid 24\/7 \u00a0+46 70 525 68 47 Best\u00e4llningar F\u00f6r best\u00e4llning eller mer information om EWS \u00f6vers\u00e4ttningsbyr\u00e5\u00a0v\u00e4nligen kontakta ewservice@telia.com\u00a0 \u00a0\u00a0018-388\u00a0234 \u00a0 \u00a0 \u00a0 \u00a0 \u00a0 \u00a0 \u00a0 \u00a0 \u00a0 \u00a0 \u00a0 Fagervik 519, 741 95\u00a0 KNIVSTA ___________ &nbsp; M\u00e5nga\u00a0v\u00e4ljer \u00f6vers\u00e4ttningsbyr\u00e5n\u00a0East-West Service\u00a0och f\u00e5r den fackkunskap de &hellip; <a href=\"https:\/\/ews.nu\/?page_id=18\" class=\"more-link\">Forts\u00e4tt l\u00e4sa <span class=\"screen-reader-text\">Hem<\/span> <span class=\"meta-nav\">&rarr;<\/span><\/a><\/p>\n","protected":false},"author":1,"featured_media":0,"parent":0,"menu_order":0,"comment_status":"closed","ping_status":"closed","template":"","meta":{"footnotes":""},"class_list":["post-18","page","type-page","status-publish","hentry"],"_links":{"self":[{"href":"https:\/\/ews.nu\/index.php?rest_route=\/wp\/v2\/pages\/18","targetHints":{"allow":["GET"]}}],"collection":[{"href":"https:\/\/ews.nu\/index.php?rest_route=\/wp\/v2\/pages"}],"about":[{"href":"https:\/\/ews.nu\/index.php?rest_route=\/wp\/v2\/types\/page"}],"author":[{"embeddable":true,"href":"https:\/\/ews.nu\/index.php?rest_route=\/wp\/v2\/users\/1"}],"replies":[{"embeddable":true,"href":"https:\/\/ews.nu\/index.php?rest_route=%2Fwp%2Fv2%2Fcomments&post=18"}],"version-history":[{"count":54,"href":"https:\/\/ews.nu\/index.php?rest_route=\/wp\/v2\/pages\/18\/revisions"}],"predecessor-version":[{"id":23,"href":"https:\/\/ews.nu\/index.php?rest_route=\/wp\/v2\/pages\/18\/revisions\/23"}],"wp:attachment":[{"href":"https:\/\/ews.nu\/index.php?rest_route=%2Fwp%2Fv2%2Fmedia&parent=18"}],"curies":[{"name":"wp","href":"https:\/\/api.w.org\/{rel}","templated":true}]}}