{"id":189,"date":"2014-02-05T14:29:56","date_gmt":"2014-02-05T13:29:56","guid":{"rendered":"https:\/\/ews.nu\/?page_id=189"},"modified":"2014-02-05T14:38:32","modified_gmt":"2014-02-05T13:38:32","slug":"%d0%be%d0%b1%d1%8a%d1%8f%d0%b2%d0%bb%d0%b5%d0%bd%d0%b8%d1%8f","status":"publish","type":"page","link":"https:\/\/ews.nu\/?page_id=189","title":{"rendered":"\u041e\u0431\u044a\u044f\u0432\u043b\u0435\u043d\u0438\u044f"},"content":{"rendered":"<p align=\"left\"><span lang=\"EN-GB\"><img loading=\"lazy\" decoding=\"async\" alt=\"dot\" src=\"https:\/\/www.ews.nu\/dotlist1.gif\" width=\"4\" height=\"6\" \/> <span lang=\"ru\">\u041f\u0440\u0438\u0441\u044b\u043b\u0430\u0439\u0442\u0435 \u0432\u0430\u0448\u0438 \u043e\u0431\u044a\u044f\u0432\u043b\u0435\u043d\u0438\u044f \u043f\u043e \u044d\u043b. \u043f\u043e\u0447\u0442\u0435!<\/span><br \/>\n<\/span><br \/>\n<a class=\"stil1\" href=\"mailto:ewservice@telia.com\">E-post: ewservice@telia.com<\/a><\/p>\n<p><img loading=\"lazy\" decoding=\"async\" alt=\"line1\" src=\"https:\/\/www.ews.nu\/line.gif\" width=\"653\" height=\"2\" \/>\n<\/p>\n<p><span lang=\"EN-GB\"><strong>Animal Rescue Station<\/strong><\/p>\n<p>Please send a contribution to the Animal Rescue Station in Prague:<br \/>\nZ\u00e1chrann\u00e1 stanice pro zv\u00ed\u0159ata, Vav\u0159ineck\u00e1-sad, 158 00 Praha 5 \u2013 Jinonice<br \/>\n<em>Phone no: +42 0 602 20 50 70<\/em><br \/>\n<em>Account number: 3483-26730\/7<br \/>\nZivnostenska banka Praha (Prague)<br \/>\nBank no: 0400<br \/>\nCzech Republic (CZ)<br \/>\n<\/em><\/span><span lang=\"EN-GB\"><em>SWIFT no: ZIBACZPP<\/em><\/p>\n<p>Station volunteers rescue animals and birds and take care of them. The revived animals are then released back into nature. The station is fully dependent on public contributions.<\/p>\n<p>Thank you!<\/span><\/p>\n","protected":false},"excerpt":{"rendered":"<p>\u041f\u0440\u0438\u0441\u044b\u043b\u0430\u0439\u0442\u0435 \u0432\u0430\u0448\u0438 \u043e\u0431\u044a\u044f\u0432\u043b\u0435\u043d\u0438\u044f \u043f\u043e \u044d\u043b. \u043f\u043e\u0447\u0442\u0435! E-post: ewservice@telia.com Animal Rescue Station Please send a contribution to the Animal Rescue Station in Prague: Z\u00e1chrann\u00e1 stanice pro zv\u00ed\u0159ata, Vav\u0159ineck\u00e1-sad, 158 00 Praha 5 \u2013 Jinonice Phone no: +42 0 602 20 50 70 Account number: 3483-26730\/7 Zivnostenska banka Praha (Prague) Bank no: 0400 Czech Republic (CZ) SWIFT &hellip; <a href=\"https:\/\/ews.nu\/?page_id=189\" class=\"more-link\">Forts\u00e4tt l\u00e4sa <span class=\"screen-reader-text\">\u041e\u0431\u044a\u044f\u0432\u043b\u0435\u043d\u0438\u044f<\/span> <span class=\"meta-nav\">&rarr;<\/span><\/a><\/p>\n","protected":false},"author":1,"featured_media":0,"parent":0,"menu_order":0,"comment_status":"closed","ping_status":"closed","template":"","meta":{"footnotes":""},"class_list":["post-189","page","type-page","status-publish","hentry"],"_links":{"self":[{"href":"https:\/\/ews.nu\/index.php?rest_route=\/wp\/v2\/pages\/189","targetHints":{"allow":["GET"]}}],"collection":[{"href":"https:\/\/ews.nu\/index.php?rest_route=\/wp\/v2\/pages"}],"about":[{"href":"https:\/\/ews.nu\/index.php?rest_route=\/wp\/v2\/types\/page"}],"author":[{"embeddable":true,"href":"https:\/\/ews.nu\/index.php?rest_route=\/wp\/v2\/users\/1"}],"replies":[{"embeddable":true,"href":"https:\/\/ews.nu\/index.php?rest_route=%2Fwp%2Fv2%2Fcomments&post=189"}],"version-history":[{"count":1,"href":"https:\/\/ews.nu\/index.php?rest_route=\/wp\/v2\/pages\/189\/revisions"}],"predecessor-version":[{"id":190,"href":"https:\/\/ews.nu\/index.php?rest_route=\/wp\/v2\/pages\/189\/revisions\/190"}],"wp:attachment":[{"href":"https:\/\/ews.nu\/index.php?rest_route=%2Fwp%2Fv2%2Fmedia&parent=189"}],"curies":[{"name":"wp","href":"https:\/\/api.w.org\/{rel}","templated":true}]}}