{"id":214,"date":"2014-02-05T16:52:53","date_gmt":"2014-02-05T15:52:53","guid":{"rendered":"https:\/\/ews.nu\/?page_id=214"},"modified":"2014-02-05T16:52:53","modified_gmt":"2014-02-05T15:52:53","slug":"sokmotorer","status":"publish","type":"page","link":"https:\/\/ews.nu\/?page_id=214","title":{"rendered":"S\u00f6kmotorer"},"content":{"rendered":"<p><strong>Altavista<br \/>\n<\/strong>Icon Medialab gjorde s\u00f6kprogrammet och stod f\u00f6r designen. Vi gjorde \u00f6vers\u00e4ttning av startsida, hj\u00e4lpprogram, FAQ (Frequently Asked Questions) samt olika l\u00e4nkar till 23 spr\u00e5k. Huvudarbetet gjort 1997, d\u00e4refter har flera uppdateringar gjorts.<\/p>\n<p><a href=\"https:\/\/www.altavista.com\/\" target=\"_blank\">www.altavista.com <\/a><\/p>\n<p><img loading=\"lazy\" decoding=\"async\" alt=\"\" src=\"https:\/\/ews.nu\/wp-content\/uploads\/2014\/02\/altavista.gif\" width=\"599\" height=\"327\" \/><\/p>\n<p><strong>Euroseek<br \/>\n<\/strong>\u00d6vers\u00e4ttning av hj\u00e4lpprogram, startsida, l\u00e4nkar och \u00f6vers\u00e4ttning av startsidan till 14 \u00f6steuropeiska spr\u00e5k. H\u00e4r verkade vi som underleverant\u00f6r till Translator Teknikinformation (idag Explicon). Huvudarbetet gjort 1999 och uppdateringar \u00e5r 2000.<\/p>\n<p><a href=\"https:\/\/www.euroseek.com\/\" target=\"_blank\">www.euroseek.com<\/a><\/p>\n<p><img loading=\"lazy\" decoding=\"async\" alt=\"\" src=\"https:\/\/ews.nu\/wp-content\/uploads\/2014\/02\/euroseek.gif\" width=\"599\" height=\"283\" \/><\/p>\n<p><strong>Evreka<\/strong><br \/>\nVi gjorde \u00f6vers\u00e4ttning av startsida, hj\u00e4lpprogram och ett antal l\u00e4nkar till fyra nordiska spr\u00e5k. Huvudarbetet gjort 1998. Evreka \u00e4r numera Eniro.<\/p>\n<p><img loading=\"lazy\" decoding=\"async\" alt=\"\" src=\"https:\/\/ews.nu\/wp-content\/uploads\/2014\/02\/evreka.gif\" width=\"599\" height=\"283\" \/><\/p>\n","protected":false},"excerpt":{"rendered":"<p>Altavista Icon Medialab gjorde s\u00f6kprogrammet och stod f\u00f6r designen. Vi gjorde \u00f6vers\u00e4ttning av startsida, hj\u00e4lpprogram, FAQ (Frequently Asked Questions) samt olika l\u00e4nkar till 23 spr\u00e5k. Huvudarbetet gjort 1997, d\u00e4refter har flera uppdateringar gjorts. www.altavista.com Euroseek \u00d6vers\u00e4ttning av hj\u00e4lpprogram, startsida, l\u00e4nkar och \u00f6vers\u00e4ttning av startsidan till 14 \u00f6steuropeiska spr\u00e5k. H\u00e4r verkade vi som underleverant\u00f6r till Translator &hellip; <a href=\"https:\/\/ews.nu\/?page_id=214\" class=\"more-link\">Forts\u00e4tt l\u00e4sa <span class=\"screen-reader-text\">S\u00f6kmotorer<\/span> <span class=\"meta-nav\">&rarr;<\/span><\/a><\/p>\n","protected":false},"author":1,"featured_media":0,"parent":0,"menu_order":0,"comment_status":"closed","ping_status":"closed","template":"","meta":{"footnotes":""},"class_list":["post-214","page","type-page","status-publish","hentry"],"_links":{"self":[{"href":"https:\/\/ews.nu\/index.php?rest_route=\/wp\/v2\/pages\/214","targetHints":{"allow":["GET"]}}],"collection":[{"href":"https:\/\/ews.nu\/index.php?rest_route=\/wp\/v2\/pages"}],"about":[{"href":"https:\/\/ews.nu\/index.php?rest_route=\/wp\/v2\/types\/page"}],"author":[{"embeddable":true,"href":"https:\/\/ews.nu\/index.php?rest_route=\/wp\/v2\/users\/1"}],"replies":[{"embeddable":true,"href":"https:\/\/ews.nu\/index.php?rest_route=%2Fwp%2Fv2%2Fcomments&post=214"}],"version-history":[{"count":1,"href":"https:\/\/ews.nu\/index.php?rest_route=\/wp\/v2\/pages\/214\/revisions"}],"predecessor-version":[{"id":215,"href":"https:\/\/ews.nu\/index.php?rest_route=\/wp\/v2\/pages\/214\/revisions\/215"}],"wp:attachment":[{"href":"https:\/\/ews.nu\/index.php?rest_route=%2Fwp%2Fv2%2Fmedia&parent=214"}],"curies":[{"name":"wp","href":"https:\/\/api.w.org\/{rel}","templated":true}]}}