{"id":40,"date":"2014-02-05T11:13:09","date_gmt":"2014-02-05T10:13:09","guid":{"rendered":"https:\/\/ews.nu\/?page_id=40"},"modified":"2014-02-25T14:15:37","modified_gmt":"2014-02-25T13:15:37","slug":"sprak","status":"publish","type":"page","link":"https:\/\/ews.nu\/?page_id=40","title":{"rendered":"Spr\u00e5k"},"content":{"rendered":"<p><strong>\u00d6vers\u00e4tter ni till alla spr\u00e5k? \u00c4r det m\u00f6jligt?<\/strong><\/p>\n<p><strong> <\/strong><br \/>\nVi har i v\u00e5r omfattande verksamhet faktiskt klarat att \u00f6vers\u00e4tta alla spr\u00e5k som hittills efterfr\u00e5gats. Och inte bara det, f\u00f6r vissa \u00e4ndam\u00e5l, s\u00e4rskilt f\u00f6r st\u00f6rre \u00f6vers\u00e4ttningsprojekt, har vi bildat projektgrupper d\u00e4r \u00f6vers\u00e4ttare samarbetar sinsemellan och med experter p\u00e5 f\u00e4ltet, och d\u00e4r projektledare sammanf\u00f6r och koordinerar.<br \/>\n<strong>Vi \u00f6vers\u00e4tter till och fr\u00e5n alla dessa spr\u00e5k:<\/strong><\/p>\n<table style=\"width: 100%;\" border=\"0\" cellspacing=\"0\" cellpadding=\"0\">\n<tbody>\n<tr>\n<td width=\"213\"><img loading=\"lazy\" decoding=\"async\" alt=\"dotlist1\" src=\"https:\/\/www.ews.nu\/dotlist1.gif\" width=\"4\" height=\"6\" \/> afrikaans<br \/>\n<img loading=\"lazy\" decoding=\"async\" alt=\"dotlist1\" src=\"https:\/\/www.ews.nu\/dotlist1.gif\" width=\"4\" height=\"6\" \/> albanska<br \/>\n<img loading=\"lazy\" decoding=\"async\" alt=\"dotlist1\" src=\"https:\/\/www.ews.nu\/dotlist1.gif\" width=\"4\" height=\"6\" \/> amhariska<br \/>\n<img loading=\"lazy\" decoding=\"async\" alt=\"dotlist1\" src=\"https:\/\/www.ews.nu\/dotlist1.gif\" width=\"4\" height=\"6\" \/> arabiska<br \/>\n<img loading=\"lazy\" decoding=\"async\" alt=\"dotlist1\" src=\"https:\/\/www.ews.nu\/dotlist1.gif\" width=\"4\" height=\"6\" \/> armeniska,<br \/>\n<img loading=\"lazy\" decoding=\"async\" alt=\"dotlist1\" src=\"https:\/\/www.ews.nu\/dotlist1.gif\" width=\"4\" height=\"6\" \/> azeriska<br \/>\n<img loading=\"lazy\" decoding=\"async\" alt=\"dotlist1\" src=\"https:\/\/www.ews.nu\/dotlist1.gif\" width=\"4\" height=\"6\" \/> baskiska<br \/>\n<img loading=\"lazy\" decoding=\"async\" alt=\"dotlist1\" src=\"https:\/\/www.ews.nu\/dotlist1.gif\" width=\"4\" height=\"6\" \/> bengali<br \/>\n<img loading=\"lazy\" decoding=\"async\" alt=\"dotlist1\" src=\"https:\/\/www.ews.nu\/dotlist1.gif\" width=\"4\" height=\"6\" \/> bosniska<br \/>\n<img loading=\"lazy\" decoding=\"async\" alt=\"dotlist1\" src=\"https:\/\/www.ews.nu\/dotlist1.gif\" width=\"4\" height=\"6\" \/> bulgariska<br \/>\n<img loading=\"lazy\" decoding=\"async\" alt=\"dotlist1\" src=\"https:\/\/www.ews.nu\/dotlist1.gif\" width=\"4\" height=\"6\" \/> burmesiska<br \/>\n<img loading=\"lazy\" decoding=\"async\" alt=\"dotlist1\" src=\"https:\/\/www.ews.nu\/dotlist1.gif\" width=\"4\" height=\"6\" \/> danska<br \/>\n<img loading=\"lazy\" decoding=\"async\" alt=\"dotlist1\" src=\"https:\/\/www.ews.nu\/dotlist1.gif\" width=\"4\" height=\"6\" \/> dari<br \/>\n<img loading=\"lazy\" decoding=\"async\" alt=\"dotlist1\" src=\"https:\/\/www.ews.nu\/dotlist1.gif\" width=\"4\" height=\"6\" \/> engelska (amerikansk och brittisk)<br \/>\n<img loading=\"lazy\" decoding=\"async\" alt=\"dotlist1\" src=\"https:\/\/www.ews.nu\/dotlist1.gif\" width=\"4\" height=\"6\" \/> estniska<br \/>\n<img loading=\"lazy\" decoding=\"async\" alt=\"dotlist1\" src=\"https:\/\/www.ews.nu\/dotlist1.gif\" width=\"4\" height=\"6\" \/> filipino<br \/>\n<img loading=\"lazy\" decoding=\"async\" alt=\"dotlist1\" src=\"https:\/\/www.ews.nu\/dotlist1.gif\" width=\"4\" height=\"6\" \/> finska<br \/>\n<img loading=\"lazy\" decoding=\"async\" alt=\"dotlist1\" src=\"https:\/\/www.ews.nu\/dotlist1.gif\" width=\"4\" height=\"6\" \/> flaml\u00e4ndska<br \/>\n<img loading=\"lazy\" decoding=\"async\" alt=\"dotlist1\" src=\"https:\/\/www.ews.nu\/dotlist1.gif\" width=\"4\" height=\"6\" \/> franska<br \/>\n<img loading=\"lazy\" decoding=\"async\" alt=\"dotlist1\" src=\"https:\/\/www.ews.nu\/dotlist1.gif\" width=\"4\" height=\"6\" \/> f\u00e4r\u00f6iska<br \/>\n<img loading=\"lazy\" decoding=\"async\" alt=\"dotlist1\" src=\"https:\/\/www.ews.nu\/dotlist1.gif\" width=\"4\" height=\"6\" \/> georgiska<br \/>\n<img loading=\"lazy\" decoding=\"async\" alt=\"dotlist1\" src=\"https:\/\/www.ews.nu\/dotlist1.gif\" width=\"4\" height=\"6\" \/> grekiska<br \/>\n<img loading=\"lazy\" decoding=\"async\" alt=\"dotlist1\" src=\"https:\/\/www.ews.nu\/dotlist1.gif\" width=\"4\" height=\"6\" \/> gujarati<br \/>\n<img loading=\"lazy\" decoding=\"async\" alt=\"dotlist1\" src=\"https:\/\/www.ews.nu\/dotlist1.gif\" width=\"4\" height=\"6\" \/> hebreiska<br \/>\n<img loading=\"lazy\" decoding=\"async\" alt=\"dotlist1\" src=\"https:\/\/www.ews.nu\/dotlist1.gif\" width=\"4\" height=\"6\" \/> hindi<br \/>\n<img loading=\"lazy\" decoding=\"async\" alt=\"dotlist1\" src=\"https:\/\/www.ews.nu\/dotlist1.gif\" width=\"4\" height=\"6\" \/> holl\u00e4ndska<\/td>\n<td width=\"272\"><img loading=\"lazy\" decoding=\"async\" alt=\"dotlist1\" src=\"https:\/\/www.ews.nu\/dotlist1.gif\" width=\"4\" height=\"6\" \/> indonesiska<br \/>\n<img loading=\"lazy\" decoding=\"async\" alt=\"dotlist1\" src=\"https:\/\/www.ews.nu\/dotlist1.gif\" width=\"4\" height=\"6\" \/> isl\u00e4ndska<br \/>\n<img loading=\"lazy\" decoding=\"async\" alt=\"dotlist1\" src=\"https:\/\/www.ews.nu\/dotlist1.gif\" width=\"4\" height=\"6\" \/> italienska<br \/>\n<img loading=\"lazy\" decoding=\"async\" alt=\"dotlist1\" src=\"https:\/\/www.ews.nu\/dotlist1.gif\" width=\"4\" height=\"6\" \/> japanska<br \/>\n<img loading=\"lazy\" decoding=\"async\" alt=\"dotlist1\" src=\"https:\/\/www.ews.nu\/dotlist1.gif\" width=\"4\" height=\"6\" \/> kazakiska<br \/>\n<img loading=\"lazy\" decoding=\"async\" alt=\"dotlist1\" src=\"https:\/\/www.ews.nu\/dotlist1.gif\" width=\"4\" height=\"6\" \/> kinesiska (dvs de b\u00e5da huvudvarianterna)<br \/>\n<img loading=\"lazy\" decoding=\"async\" alt=\"dotlist1\" src=\"https:\/\/www.ews.nu\/dotlist1.gif\" width=\"4\" height=\"6\" \/> kirgiziska<br \/>\n<img loading=\"lazy\" decoding=\"async\" alt=\"dotlist1\" src=\"https:\/\/www.ews.nu\/dotlist1.gif\" width=\"4\" height=\"6\" \/> koreanska<br \/>\n<img loading=\"lazy\" decoding=\"async\" alt=\"dotlist1\" src=\"https:\/\/www.ews.nu\/dotlist1.gif\" width=\"4\" height=\"6\" \/> kroatiska<br \/>\n<img loading=\"lazy\" decoding=\"async\" alt=\"dotlist1\" src=\"https:\/\/www.ews.nu\/dotlist1.gif\" width=\"4\" height=\"6\" \/> (\u00f6st- och v\u00e4st-) kurdiska<br \/>\n<img loading=\"lazy\" decoding=\"async\" alt=\"dotlist1\" src=\"https:\/\/www.ews.nu\/dotlist1.gif\" width=\"4\" height=\"6\" \/> kurmanji<br \/>\n<img loading=\"lazy\" decoding=\"async\" alt=\"dotlist1\" src=\"https:\/\/www.ews.nu\/dotlist1.gif\" width=\"4\" height=\"6\" \/> lettiska<br \/>\n<img loading=\"lazy\" decoding=\"async\" alt=\"dotlist1\" src=\"https:\/\/www.ews.nu\/dotlist1.gif\" width=\"4\" height=\"6\" \/> litauiska<br \/>\n<img loading=\"lazy\" decoding=\"async\" alt=\"dotlist1\" src=\"https:\/\/www.ews.nu\/dotlist1.gif\" width=\"4\" height=\"6\" \/> makedonska\/makedoniska<br \/>\n<img loading=\"lazy\" decoding=\"async\" alt=\"dotlist1\" src=\"https:\/\/www.ews.nu\/dotlist1.gif\" width=\"4\" height=\"6\" \/> malajiska<br \/>\n<img loading=\"lazy\" decoding=\"async\" alt=\"dotlist1\" src=\"https:\/\/www.ews.nu\/dotlist1.gif\" width=\"4\" height=\"6\" \/> marathi<br \/>\n<img loading=\"lazy\" decoding=\"async\" alt=\"dotlist1\" src=\"https:\/\/www.ews.nu\/dotlist1.gif\" width=\"4\" height=\"6\" \/> moldaviska<br \/>\n<img loading=\"lazy\" decoding=\"async\" alt=\"dotlist1\" src=\"https:\/\/www.ews.nu\/dotlist1.gif\" width=\"4\" height=\"6\" \/> mongoliska<br \/>\n<img loading=\"lazy\" decoding=\"async\" alt=\"dotlist1\" src=\"https:\/\/www.ews.nu\/dotlist1.gif\" width=\"4\" height=\"6\" \/> nederl\u00e4ndska (de b\u00e5da dialektala varianterna)<br \/>\n<img loading=\"lazy\" decoding=\"async\" alt=\"dotlist1\" src=\"https:\/\/www.ews.nu\/dotlist1.gif\" width=\"4\" height=\"6\" \/> norska (bokm\u00e5l och nynorska)<br \/>\n<img loading=\"lazy\" decoding=\"async\" alt=\"dotlist1\" src=\"https:\/\/www.ews.nu\/dotlist1.gif\" width=\"4\" height=\"6\" \/> nyarameiska<br \/>\n<img loading=\"lazy\" decoding=\"async\" alt=\"dotlist1\" src=\"https:\/\/www.ews.nu\/dotlist1.gif\" width=\"4\" height=\"6\" \/> pashto<br \/>\n<img loading=\"lazy\" decoding=\"async\" alt=\"dotlist1\" src=\"https:\/\/www.ews.nu\/dotlist1.gif\" width=\"4\" height=\"6\" \/> persiska<br \/>\n<img loading=\"lazy\" decoding=\"async\" alt=\"dotlist1\" src=\"https:\/\/www.ews.nu\/dotlist1.gif\" width=\"4\" height=\"6\" \/> pilipino<br \/>\n<img loading=\"lazy\" decoding=\"async\" alt=\"dotlist1\" src=\"https:\/\/www.ews.nu\/dotlist1.gif\" width=\"4\" height=\"6\" \/> polska<br \/>\n<img loading=\"lazy\" decoding=\"async\" alt=\"dotlist1\" src=\"https:\/\/www.ews.nu\/dotlist1.gif\" width=\"4\" height=\"6\" \/> portugisiska (brasiliansk och europeisk)<\/td>\n<td width=\"109\"><img loading=\"lazy\" decoding=\"async\" alt=\"dotlist1\" src=\"https:\/\/www.ews.nu\/dotlist1.gif\" width=\"4\" height=\"6\" \/> romani<br \/>\n<img loading=\"lazy\" decoding=\"async\" alt=\"dotlist1\" src=\"https:\/\/www.ews.nu\/dotlist1.gif\" width=\"4\" height=\"6\" \/> rum\u00e4nska<br \/>\n<img loading=\"lazy\" decoding=\"async\" alt=\"dotlist1\" src=\"https:\/\/www.ews.nu\/dotlist1.gif\" width=\"4\" height=\"6\" \/> ryska<br \/>\n<img loading=\"lazy\" decoding=\"async\" alt=\"dotlist1\" src=\"https:\/\/www.ews.nu\/dotlist1.gif\" width=\"4\" height=\"6\" \/> samiska<br \/>\n<img loading=\"lazy\" decoding=\"async\" alt=\"dotlist1\" src=\"https:\/\/www.ews.nu\/dotlist1.gif\" width=\"4\" height=\"6\" \/> serbiska<br \/>\n<img loading=\"lazy\" decoding=\"async\" alt=\"dotlist1\" src=\"https:\/\/www.ews.nu\/dotlist1.gif\" width=\"4\" height=\"6\" \/> slovakiska<br \/>\n<img loading=\"lazy\" decoding=\"async\" alt=\"dotlist1\" src=\"https:\/\/www.ews.nu\/dotlist1.gif\" width=\"4\" height=\"6\" \/> slovenska<br \/>\n<img loading=\"lazy\" decoding=\"async\" alt=\"dotlist1\" src=\"https:\/\/www.ews.nu\/dotlist1.gif\" width=\"4\" height=\"6\" \/> somaliska<br \/>\n<img loading=\"lazy\" decoding=\"async\" alt=\"dotlist1\" src=\"https:\/\/www.ews.nu\/dotlist1.gif\" width=\"4\" height=\"6\" \/> sorani<br \/>\n<img loading=\"lazy\" decoding=\"async\" alt=\"dotlist1\" src=\"https:\/\/www.ews.nu\/dotlist1.gif\" width=\"4\" height=\"6\" \/> spanska<br \/>\n<img loading=\"lazy\" decoding=\"async\" alt=\"dotlist1\" src=\"https:\/\/www.ews.nu\/dotlist1.gif\" width=\"4\" height=\"6\" \/> svenska<br \/>\n<img loading=\"lazy\" decoding=\"async\" alt=\"dotlist1\" src=\"https:\/\/www.ews.nu\/dotlist1.gif\" width=\"4\" height=\"6\" \/> tadzjikiska<br \/>\n<img loading=\"lazy\" decoding=\"async\" alt=\"dotlist1\" src=\"https:\/\/www.ews.nu\/dotlist1.gif\" width=\"4\" height=\"6\" \/> tagalog<br \/>\n<img loading=\"lazy\" decoding=\"async\" alt=\"dotlist1\" src=\"https:\/\/www.ews.nu\/dotlist1.gif\" width=\"4\" height=\"6\" \/> thail\u00e4ndska<br \/>\n<img loading=\"lazy\" decoding=\"async\" alt=\"dotlist1\" src=\"https:\/\/www.ews.nu\/dotlist1.gif\" width=\"4\" height=\"6\" \/> tibetanska<br \/>\n<img loading=\"lazy\" decoding=\"async\" alt=\"dotlist1\" src=\"https:\/\/www.ews.nu\/dotlist1.gif\" width=\"4\" height=\"6\" \/> tigrinska<br \/>\n<img loading=\"lazy\" decoding=\"async\" alt=\"dotlist1\" src=\"https:\/\/www.ews.nu\/dotlist1.gif\" width=\"4\" height=\"6\" \/> tjeckiska<br \/>\n<img loading=\"lazy\" decoding=\"async\" alt=\"dotlist1\" src=\"https:\/\/www.ews.nu\/dotlist1.gif\" width=\"4\" height=\"6\" \/> tjetjenska<br \/>\n<img loading=\"lazy\" decoding=\"async\" alt=\"dotlist1\" src=\"https:\/\/www.ews.nu\/dotlist1.gif\" width=\"4\" height=\"6\" \/> turkiska<br \/>\n<img loading=\"lazy\" decoding=\"async\" alt=\"dotlist1\" src=\"https:\/\/www.ews.nu\/dotlist1.gif\" width=\"4\" height=\"6\" \/> turkmeniska<br \/>\n<img loading=\"lazy\" decoding=\"async\" alt=\"dotlist1\" src=\"https:\/\/www.ews.nu\/dotlist1.gif\" width=\"4\" height=\"6\" \/> tyska<br \/>\n<img loading=\"lazy\" decoding=\"async\" alt=\"dotlist1\" src=\"https:\/\/www.ews.nu\/dotlist1.gif\" width=\"4\" height=\"6\" \/> ukrainska<br \/>\n<img loading=\"lazy\" decoding=\"async\" alt=\"dotlist1\" src=\"https:\/\/www.ews.nu\/dotlist1.gif\" width=\"4\" height=\"6\" \/> ungerska<br \/>\n<img loading=\"lazy\" decoding=\"async\" alt=\"dotlist1\" src=\"https:\/\/www.ews.nu\/dotlist1.gif\" width=\"4\" height=\"6\" \/> urdu<br \/>\n<img loading=\"lazy\" decoding=\"async\" alt=\"dotlist1\" src=\"https:\/\/www.ews.nu\/dotlist1.gif\" width=\"4\" height=\"6\" \/> uzbekiska<br \/>\n<img loading=\"lazy\" decoding=\"async\" alt=\"dotlist1\" src=\"https:\/\/www.ews.nu\/dotlist1.gif\" width=\"4\" height=\"6\" \/> vietnamesiska<br \/>\n<img loading=\"lazy\" decoding=\"async\" alt=\"dotlist1\" src=\"https:\/\/www.ews.nu\/dotlist1.gif\" width=\"4\" height=\"6\" \/> vitryska<\/td>\n<\/tr>\n<tr>\n<td height=\"26\"><\/td>\n<td><\/td>\n<td>mfl..<\/td>\n<\/tr>\n<\/tbody>\n<\/table>\n<p><strong><br \/>\n<\/strong><strong>Det \u00e4r vi som \u00f6versatte AltaVista, Evreka och Euroseek<\/strong><br \/>\nVi klarade att \u00f6vers\u00e4tta olika hj\u00e4lptexter om c:a 10 000 ord till s\u00f6kmotorn<br \/>\nAltaVista till 23 spr\u00e5k inom 10 dagar! L\u00e4s mer <a href=\"https:\/\/ews.nu\/?page_id=214\"><span style=\"text-decoration: underline;\">h\u00e4r<\/span><\/a>.<\/p>\n<p><strong>Exempel p\u00e5 \u00f6vers\u00e4ttningar av n\u00e5gra dokument<\/strong><br \/>\nKlicka p\u00e5 spr\u00e5ket f\u00f6r att l\u00e4sa.<\/p>\n<table style=\"width: 100%;\" border=\"0\" cellspacing=\"0\" cellpadding=\"0\">\n<tbody>\n<tr>\n<td valign=\"top\" width=\"232\"><a href=\"https:\/\/www.ews.nu\/sprak.shtml#Bosniska\"><img loading=\"lazy\" decoding=\"async\" alt=\"dotlist1\" src=\"https:\/\/www.ews.nu\/dotlist1.gif\" width=\"4\" height=\"6\" border=\"0\" \/><\/a> <a href=\"https:\/\/ews.nu\/?page_id=40#Bosniska\">Bosniska<\/a><br \/>\n<a href=\"https:\/\/www.ews.nu\/sprak.shtml#Bulgariska\"><img loading=\"lazy\" decoding=\"async\" alt=\"dotlist1\" src=\"https:\/\/www.ews.nu\/dotlist1.gif\" width=\"4\" height=\"6\" border=\"0\" \/><\/a> <a href=\"https:\/\/ews.nu\/?page_id=40#Bulgariska\">Bulgariska<\/a><br \/>\n<a href=\"https:\/\/www.ews.nu\/sprak.shtml#Franska\"><img loading=\"lazy\" decoding=\"async\" alt=\"dotlist1\" src=\"https:\/\/www.ews.nu\/dotlist1.gif\" width=\"4\" height=\"6\" border=\"0\" \/><\/a> <a href=\"https:\/\/ews.nu\/?page_id=40#Franska\">Franska<\/a><br \/>\n<a href=\"https:\/\/www.ews.nu\/sprak.shtml#Grekiska\"><img loading=\"lazy\" decoding=\"async\" alt=\"dotlist1\" src=\"https:\/\/www.ews.nu\/dotlist1.gif\" width=\"4\" height=\"6\" border=\"0\" \/><\/a> <a href=\"https:\/\/ews.nu\/?page_id=40#Grekiska\">Grekiska<\/a><br \/>\n<a href=\"https:\/\/www.ews.nu\/sprak.shtml#Isl%C3%A4ndska\"><img loading=\"lazy\" decoding=\"async\" alt=\"dotlist1\" src=\"https:\/\/www.ews.nu\/dotlist1.gif\" width=\"4\" height=\"6\" border=\"0\" \/><\/a> <a href=\"https:\/\/ews.nu\/?page_id=40#Isl%C3%A4ndska\">Isl\u00e4ndska<\/a><br \/>\n<a href=\"https:\/\/www.ews.nu\/sprak.shtml#Japanska\"><img loading=\"lazy\" decoding=\"async\" alt=\"dotlist1\" src=\"https:\/\/www.ews.nu\/dotlist1.gif\" width=\"4\" height=\"6\" border=\"0\" \/><\/a> <a href=\"https:\/\/ews.nu\/?page_id=40#Japanska\">Japanska<\/a><br \/>\n<a href=\"https:\/\/www.ews.nu\/sprak.shtml#Bosniska\"><img loading=\"lazy\" decoding=\"async\" alt=\"dotlist1\" src=\"https:\/\/www.ews.nu\/dotlist1.gif\" width=\"4\" height=\"6\" border=\"0\" \/> <\/a><a href=\"https:\/\/ews.nu\/?page_id=40#Norska\">Norska<\/a><\/td>\n<td valign=\"top\" width=\"421\"><a href=\"https:\/\/www.ews.nu\/sprak.shtml#Bosniska\"><img loading=\"lazy\" decoding=\"async\" alt=\"dotlist1\" src=\"https:\/\/www.ews.nu\/dotlist1.gif\" width=\"4\" height=\"6\" border=\"0\" \/> <\/a><a href=\"https:\/\/ews.nu\/?page_id=40#Polska\">Polska<\/a><br \/>\n<a href=\"https:\/\/www.ews.nu\/sprak.shtml#Bosniska\"><img loading=\"lazy\" decoding=\"async\" alt=\"dotlist1\" src=\"https:\/\/www.ews.nu\/dotlist1.gif\" width=\"4\" height=\"6\" border=\"0\" \/> <\/a><a href=\"https:\/\/ews.nu\/?page_id=40#Ryska\">Ryska<\/a><br \/>\n<a href=\"https:\/\/www.ews.nu\/sprak.shtml#Bosniska\"><img loading=\"lazy\" decoding=\"async\" alt=\"dotlist1\" src=\"https:\/\/www.ews.nu\/dotlist1.gif\" width=\"4\" height=\"6\" border=\"0\" \/> <\/a><a href=\"https:\/\/ews.nu\/?page_id=40#Slovakiska\">Slovakiska<\/a><br \/>\n<a href=\"https:\/\/www.ews.nu\/sprak.shtml#Bosniska\"><img loading=\"lazy\" decoding=\"async\" alt=\"dotlist1\" src=\"https:\/\/www.ews.nu\/dotlist1.gif\" width=\"4\" height=\"6\" border=\"0\" \/> <\/a><a href=\"https:\/\/ews.nu\/?page_id=40#Somaliska\">Somaliska<\/a><br \/>\n<a href=\"https:\/\/www.ews.nu\/sprak.shtml#Bosniska\"><img loading=\"lazy\" decoding=\"async\" alt=\"dotlist1\" src=\"https:\/\/www.ews.nu\/dotlist1.gif\" width=\"4\" height=\"6\" border=\"0\" \/> <\/a><a href=\"https:\/\/ews.nu\/?page_id=40#Tjeckiska\">Tjeckiska<\/a><\/td>\n<\/tr>\n<\/tbody>\n<\/table>\n<p><strong><img loading=\"lazy\" decoding=\"async\" alt=\"line1\" src=\"https:\/\/www.ews.nu\/line.gif\" width=\"653\" height=\"2\" \/><\/strong><\/p>\n<p><strong><a id=\"Bosniska\" name=\"Bosniska\"><\/a>Bosniska<\/strong><\/p>\n<p><img decoding=\"async\" src=\"https:\/\/ews.nu\/wp-content\/uploads\/2014\/02\/bosniska.gif\"><\/p>\n<p><strong><img loading=\"lazy\" decoding=\"async\" alt=\"line1\" src=\"https:\/\/www.ews.nu\/line.gif\" width=\"653\" height=\"2\" \/><\/strong><\/p>\n<p><strong><a id=\"Bulgariska\" name=\"Bulgariska\"><\/a>Bulgariska<\/strong><\/p>\n<p><img decoding=\"async\" src=\"https:\/\/ews.nu\/wp-content\/uploads\/2014\/02\/bulgariska.gif\"><\/p>\n<p><strong><img loading=\"lazy\" decoding=\"async\" alt=\"line1\" src=\"https:\/\/www.ews.nu\/line.gif\" width=\"653\" height=\"2\" \/><\/strong><\/p>\n<p><strong><a id=\"Bulgariska2\" name=\"Franska\"><\/a>Franska<\/strong><\/p>\n<p><img decoding=\"async\" src=\"https:\/\/ews.nu\/wp-content\/uploads\/2014\/02\/franska.gif\"><\/p>\n<p><strong><img loading=\"lazy\" decoding=\"async\" alt=\"line1\" src=\"https:\/\/www.ews.nu\/line.gif\" width=\"653\" height=\"2\" \/><\/strong><\/p>\n<p><strong><a id=\"Grekiska\" name=\"Grekiska\"><\/a>Grekiska<\/strong><\/p>\n<p><img decoding=\"async\" src=\"https:\/\/ews.nu\/wp-content\/uploads\/2014\/02\/grekiska.gif\"><\/p>\n<p><strong><img loading=\"lazy\" decoding=\"async\" alt=\"line1\" src=\"https:\/\/www.ews.nu\/line.gif\" width=\"653\" height=\"2\" \/><\/strong><\/p>\n<p><strong><a id=\"Isl\u00e4ndska\" name=\"Isl\u00e4ndska\"><\/a>Isl\u00e4ndska<\/strong><\/p>\n<p><img decoding=\"async\" src=\"https:\/\/ews.nu\/wp-content\/uploads\/2014\/02\/islandska.gif\"><\/p>\n<p><strong><img loading=\"lazy\" decoding=\"async\" alt=\"line1\" src=\"https:\/\/www.ews.nu\/line.gif\" width=\"653\" height=\"2\" \/><\/strong><\/p>\n<p><strong><a id=\"Japanska\" name=\"Japanska\"><\/a>Japanska<br \/>\n<\/strong><\/p>\n<p><img decoding=\"async\" src=\"https:\/\/ews.nu\/wp-content\/uploads\/2014\/02\/japanska.gif\"><\/p>\n<p><strong><img loading=\"lazy\" decoding=\"async\" alt=\"line1\" src=\"https:\/\/www.ews.nu\/line.gif\" width=\"653\" height=\"2\" \/><\/strong><\/p>\n<p><strong><a id=\"Norska\" name=\"Norska\"><\/a>Norska<\/strong><\/p>\n<p><img decoding=\"async\" src=\"https:\/\/ews.nu\/wp-content\/uploads\/2014\/02\/norska.gif\"><\/p>\n<p><img loading=\"lazy\" decoding=\"async\" alt=\"line1\" src=\"https:\/\/www.ews.nu\/line.gif\" width=\"653\" height=\"2\" \/><\/strong><\/p>\n<p><strong><a id=\"Polska\" name=\"Polska\"><\/a>Polska<\/strong><\/p>\n<p><img decoding=\"async\" src=\"https:\/\/ews.nu\/wp-content\/uploads\/2014\/02\/polska.gif\"><\/p>\n<p><strong><img loading=\"lazy\" decoding=\"async\" alt=\"line1\" src=\"https:\/\/www.ews.nu\/line.gif\" width=\"653\" height=\"2\" \/><\/strong><\/p>\n<p><strong><a id=\"Ryska\" name=\"Ryska\"><\/a>Ryska<\/strong><\/p>\n<p><img decoding=\"async\" src=\"https:\/\/ews.nu\/wp-content\/uploads\/2014\/02\/ryska.gif\"><\/p>\n<p><strong><img loading=\"lazy\" decoding=\"async\" alt=\"line1\" src=\"https:\/\/www.ews.nu\/line.gif\" width=\"653\" height=\"2\" \/><\/strong><\/p>\n<p><strong><a id=\"Slovakiska\" name=\"Slovakiska\"><\/a>Slovakiska<\/strong><\/p>\n<p><img decoding=\"async\" src=\"https:\/\/ews.nu\/wp-content\/uploads\/2014\/02\/slovakiska.gif\"><\/p>\n<p><strong><img loading=\"lazy\" decoding=\"async\" alt=\"line1\" src=\"https:\/\/www.ews.nu\/line.gif\" width=\"653\" height=\"2\" \/><\/strong><\/p>\n<p><strong><a id=\"Somaliska\" name=\"Somaliska\"><\/a>Somaliska<\/strong><\/p>\n<p><img decoding=\"async\" src=\"https:\/\/ews.nu\/wp-content\/uploads\/2014\/02\/somaliska.gif\"><\/p>\n<p><strong><img loading=\"lazy\" decoding=\"async\" alt=\"line1\" src=\"https:\/\/www.ews.nu\/line.gif\" width=\"653\" height=\"2\" \/><\/strong><\/p>\n<p><strong><a id=\"Tjeckiska\" name=\"Tjeckiska\"><\/a>Tjeckiska<\/strong><\/p>\n<p><img decoding=\"async\" src=\"https:\/\/ews.nu\/wp-content\/uploads\/2014\/02\/tjeckiska.gif\"><\/p>\n","protected":false},"excerpt":{"rendered":"<p>\u00d6vers\u00e4tter ni till alla spr\u00e5k? \u00c4r det m\u00f6jligt? Vi har i v\u00e5r omfattande verksamhet faktiskt klarat att \u00f6vers\u00e4tta alla spr\u00e5k som hittills efterfr\u00e5gats. Och inte bara det, f\u00f6r vissa \u00e4ndam\u00e5l, s\u00e4rskilt f\u00f6r st\u00f6rre \u00f6vers\u00e4ttningsprojekt, har vi bildat projektgrupper d\u00e4r \u00f6vers\u00e4ttare samarbetar sinsemellan och med experter p\u00e5 f\u00e4ltet, och d\u00e4r projektledare sammanf\u00f6r och koordinerar. Vi \u00f6vers\u00e4tter &hellip; <a href=\"https:\/\/ews.nu\/?page_id=40\" class=\"more-link\">Forts\u00e4tt l\u00e4sa <span class=\"screen-reader-text\">Spr\u00e5k<\/span> <span class=\"meta-nav\">&rarr;<\/span><\/a><\/p>\n","protected":false},"author":1,"featured_media":0,"parent":0,"menu_order":2,"comment_status":"closed","ping_status":"closed","template":"","meta":{"footnotes":""},"class_list":["post-40","page","type-page","status-publish","hentry"],"_links":{"self":[{"href":"https:\/\/ews.nu\/index.php?rest_route=\/wp\/v2\/pages\/40","targetHints":{"allow":["GET"]}}],"collection":[{"href":"https:\/\/ews.nu\/index.php?rest_route=\/wp\/v2\/pages"}],"about":[{"href":"https:\/\/ews.nu\/index.php?rest_route=\/wp\/v2\/types\/page"}],"author":[{"embeddable":true,"href":"https:\/\/ews.nu\/index.php?rest_route=\/wp\/v2\/users\/1"}],"replies":[{"embeddable":true,"href":"https:\/\/ews.nu\/index.php?rest_route=%2Fwp%2Fv2%2Fcomments&post=40"}],"version-history":[{"count":9,"href":"https:\/\/ews.nu\/index.php?rest_route=\/wp\/v2\/pages\/40\/revisions"}],"predecessor-version":[{"id":226,"href":"https:\/\/ews.nu\/index.php?rest_route=\/wp\/v2\/pages\/40\/revisions\/226"}],"wp:attachment":[{"href":"https:\/\/ews.nu\/index.php?rest_route=%2Fwp%2Fv2%2Fmedia&parent=40"}],"curies":[{"name":"wp","href":"https:\/\/api.w.org\/{rel}","templated":true}]}}